{"id":614,"date":"2022-09-20T04:14:55","date_gmt":"2022-09-20T04:14:55","guid":{"rendered":"https:\/\/demo.woostify.com\/jery\/?page_id=614"},"modified":"2023-07-21T10:58:12","modified_gmt":"2023-07-21T10:58:12","slug":"about-us","status":"publish","type":"page","link":"https:\/\/rentaboat-tisno.com\/de\/about-us\/","title":{"rendered":"\u00dcber uns"},"content":{"rendered":"<div data-elementor-type=\"wp-page\" data-elementor-id=\"614\" class=\"elementor elementor-614\">\n\t\t\t\t\t\t\t\t\t<section class=\"elementor-section elementor-top-section elementor-element elementor-element-66fa9aed elementor-section-boxed elementor-section-height-default elementor-section-height-default wpr-particle-no wpr-jarallax-no wpr-parallax-no wpr-sticky-section-no\" data-id=\"66fa9aed\" data-element_type=\"section\">\n\t\t\t\t\t\t<div class=\"elementor-container elementor-column-gap-default\">\n\t\t\t\t\t<div class=\"elementor-column elementor-col-50 elementor-top-column elementor-element elementor-element-2ecb7aff\" data-id=\"2ecb7aff\" data-element_type=\"column\">\n\t\t\t<div class=\"elementor-widget-wrap elementor-element-populated\">\n\t\t\t\t\t\t\t\t<div class=\"elementor-element elementor-element-160bfbd9 elementor-widget elementor-widget-text-editor\" data-id=\"160bfbd9\" data-element_type=\"widget\" data-widget_type=\"text-editor.default\">\n\t\t\t\t<div class=\"elementor-widget-container\">\n\t\t\t<style>\/*! elementor - v3.12.2 - 23-04-2023 *\/\n.elementor-widget-text-editor.elementor-drop-cap-view-stacked .elementor-drop-cap{background-color:#69727d;color:#fff}.elementor-widget-text-editor.elementor-drop-cap-view-framed .elementor-drop-cap{color:#69727d;border:3px solid;background-color:transparent}.elementor-widget-text-editor:not(.elementor-drop-cap-view-default) .elementor-drop-cap{margin-top:8px}.elementor-widget-text-editor:not(.elementor-drop-cap-view-default) .elementor-drop-cap-letter{width:1em;height:1em}.elementor-widget-text-editor .elementor-drop-cap{float:left;text-align:center;line-height:1;font-size:50px}.elementor-widget-text-editor .elementor-drop-cap-letter{display:inline-block}<\/style>\t\t\t\t<p>\u00dcber uns<\/p>\t\t\t\t\t\t<\/div>\n\t\t\t\t<\/div>\n\t\t\t\t<div class=\"elementor-element elementor-element-6b06b145 elementor-widget elementor-widget-heading\" data-id=\"6b06b145\" data-element_type=\"widget\" data-widget_type=\"heading.default\">\n\t\t\t\t<div class=\"elementor-widget-container\">\n\t\t\t<style>\/*! elementor - v3.12.2 - 23-04-2023 *\/\n.elementor-heading-title{padding:0;margin:0;line-height:1}.elementor-widget-heading .elementor-heading-title[class*=elementor-size-]>a{color:inherit;font-size:inherit;line-height:inherit}.elementor-widget-heading .elementor-heading-title.elementor-size-small{font-size:15px}.elementor-widget-heading .elementor-heading-title.elementor-size-medium{font-size:19px}.elementor-widget-heading .elementor-heading-title.elementor-size-large{font-size:29px}.elementor-widget-heading .elementor-heading-title.elementor-size-xl{font-size:39px}.elementor-widget-heading .elementor-heading-title.elementor-size-xxl{font-size:59px}<\/style><h3 class=\"elementor-heading-title elementor-size-default\">CROSEa<\/h3>\t\t<\/div>\n\t\t\t\t<\/div>\n\t\t\t\t<div class=\"elementor-element elementor-element-6346822a elementor-widget elementor-widget-text-editor\" data-id=\"6346822a\" data-element_type=\"widget\" data-widget_type=\"text-editor.default\">\n\t\t\t\t<div class=\"elementor-widget-container\">\n\t\t\t\t\t\t\t<p>Ahoi und Willkommen bei CroSea - Bootsverleih in Tisno!<\/p><p>Wir sind Maja und Milan, lieben das Meer und f\u00fchren unser kleines Familienunternehmen mit langj\u00e4hriger Erfahrung im Tourismus und der Nautikbranche. Das erfolgreiche Tauchzentrum <span style=\"color: #0000ff;\"><a style=\"color: #0000ff;\" href=\"https:\/\/divetramonto.com\/\"><span style=\"color: #00ccff;\">Tramonto Diving<\/span><\/a><\/span>\u00a0 kennen Sie vielleicht schon oder auch das <span style=\"color: #00ccff;\"><a style=\"color: #00ccff;\" href=\"https:\/\/bluepearlcroatia.eu\">House Bluepearl<\/a><\/span> in Jezera. Unsere zahlreiche G\u00e4ste und Freunde inspirierten uns ein weiteres Qualit\u00e4tsangebot in diesem Bereich anzubieten. Somit haben wir CROSEA Rent a boat Tisno entstehen lassen und wollen somit neuen und alten G\u00e4sten noch mehr Spass auf dem Meer bieten.<br \/>Seien Sie einer der ersten, die mit unseren neuen Motorbooten in See stechen und die Sch\u00f6nheit der Nationalparks wie die Kornaten, die Krka Wasserf\u00e4lle, nat\u00fcrlich unsere Insel Murter und weitere Inseln Dalmatiens entdecken. Wir freuen uns auf Sie!<\/p><p>Bitte schauen Sie sich auch unsere Angebote an<span style=\"color: #00ccff;\"><a style=\"color: #00ccff;\" href=\"https:\/\/rentaboat-tisno.com\/de\/offers\/\"> dive and boat offer.<\/a><\/span><\/p>\t\t\t\t\t\t<\/div>\n\t\t\t\t<\/div>\n\t\t\t\t<div class=\"elementor-element elementor-element-21e59b01 wpr-button-icon-style-inline wpr-button-icon-position-right elementor-widget elementor-widget-wpr-button\" data-id=\"21e59b01\" data-element_type=\"widget\" data-widget_type=\"wpr-button.default\">\n\t\t\t\t<div class=\"elementor-widget-container\">\n\t\t\t\t\n\t\t\t\n\t\t\n\t\t<div class=\"wpr-button-wrap elementor-clearfix\">\n\t\t<a class=\"wpr-button wpr-button-effect wpr-button-none\" data-text=\"Go\" href=\"https:\/\/rentaboat-tisno.com\/de\/contact\/\">\n\t\t\t\n\t\t\t<span class=\"wpr-button-content\">\n\t\t\t\t\t\t\t\t\t<span class=\"wpr-button-text\">Kontakt<\/span>\n\t\t\t\t\t\t\t\t\n\t\t\t\t\t\t\t<\/span>\n\t\t<\/a>\n\n\t\t\t\t<\/div>\n\t\n\t\n\t\t\t<\/div>\n\t\t\t\t<\/div>\n\t\t\t\t\t<\/div>\n\t\t<\/div>\n\t\t\t\t<div class=\"elementor-column elementor-col-50 elementor-top-column elementor-element elementor-element-2565d068\" data-id=\"2565d068\" data-element_type=\"column\">\n\t\t\t<div class=\"elementor-widget-wrap elementor-element-populated\">\n\t\t\t\t\t\t\t\t<div class=\"elementor-element elementor-element-5d7c4786 elementor-widget__width-initial elementor-widget elementor-widget-image\" data-id=\"5d7c4786\" data-element_type=\"widget\" data-widget_type=\"image.default\">\n\t\t\t\t<div class=\"elementor-widget-container\">\n\t\t\t<style>\/*! elementor - v3.12.2 - 23-04-2023 *\/\n.elementor-widget-image{text-align:center}.elementor-widget-image a{display:inline-block}.elementor-widget-image a img[src$=\".svg\"]{width:48px}.elementor-widget-image img{vertical-align:middle;display:inline-block}<\/style>\t\t\t\t\t\t\t\t\t\t\t\t<img loading=\"lazy\" decoding=\"async\" width=\"1000\" height=\"1000\" src=\"https:\/\/rentaboat-tisno.com\/wp-content\/uploads\/2023\/07\/slika_krug.jpg\" class=\"attachment-large size-large wp-image-4648\" alt=\"About us, Rent a Boat Tisno, Maja and Milan\" srcset=\"https:\/\/rentaboat-tisno.com\/wp-content\/uploads\/2023\/07\/slika_krug.jpg 1000w, https:\/\/rentaboat-tisno.com\/wp-content\/uploads\/2023\/07\/slika_krug-300x300.jpg 300w, https:\/\/rentaboat-tisno.com\/wp-content\/uploads\/2023\/07\/slika_krug-150x150.jpg 150w, https:\/\/rentaboat-tisno.com\/wp-content\/uploads\/2023\/07\/slika_krug-768x768.jpg 768w, https:\/\/rentaboat-tisno.com\/wp-content\/uploads\/2023\/07\/slika_krug-12x12.jpg 12w, https:\/\/rentaboat-tisno.com\/wp-content\/uploads\/2023\/07\/slika_krug-24x24.jpg 24w, https:\/\/rentaboat-tisno.com\/wp-content\/uploads\/2023\/07\/slika_krug-36x36.jpg 36w, https:\/\/rentaboat-tisno.com\/wp-content\/uploads\/2023\/07\/slika_krug-48x48.jpg 48w, https:\/\/rentaboat-tisno.com\/wp-content\/uploads\/2023\/07\/slika_krug-450x450.jpg 450w, https:\/\/rentaboat-tisno.com\/wp-content\/uploads\/2023\/07\/slika_krug-600x600.jpg 600w, https:\/\/rentaboat-tisno.com\/wp-content\/uploads\/2023\/07\/slika_krug-100x100.jpg 100w\" sizes=\"auto, (max-width: 1000px) 100vw, 1000px\" \/>\t\t\t\t\t\t\t\t\t\t\t\t\t\t\t<\/div>\n\t\t\t\t<\/div>\n\t\t\t\t<div class=\"elementor-element elementor-element-7d35753a elementor-widget__width-initial elementor-absolute elementor-hidden-tablet elementor-hidden-mobile elementor-widget-divider--view-line elementor-widget elementor-widget-divider\" data-id=\"7d35753a\" data-element_type=\"widget\" data-settings=\"{&quot;_position&quot;:&quot;absolute&quot;}\" data-widget_type=\"divider.default\">\n\t\t\t\t<div class=\"elementor-widget-container\">\n\t\t\t<style>\/*! elementor - v3.12.2 - 23-04-2023 *\/\n.elementor-widget-divider{--divider-border-style:none;--divider-border-width:1px;--divider-color:#0c0d0e;--divider-icon-size:20px;--divider-element-spacing:10px;--divider-pattern-height:24px;--divider-pattern-size:20px;--divider-pattern-url:none;--divider-pattern-repeat:repeat-x}.elementor-widget-divider .elementor-divider{display:flex}.elementor-widget-divider .elementor-divider__text{font-size:15px;line-height:1;max-width:95%}.elementor-widget-divider .elementor-divider__element{margin:0 var(--divider-element-spacing);flex-shrink:0}.elementor-widget-divider .elementor-icon{font-size:var(--divider-icon-size)}.elementor-widget-divider .elementor-divider-separator{display:flex;margin:0;direction:ltr}.elementor-widget-divider--view-line_icon .elementor-divider-separator,.elementor-widget-divider--view-line_text .elementor-divider-separator{align-items:center}.elementor-widget-divider--view-line_icon .elementor-divider-separator:after,.elementor-widget-divider--view-line_icon .elementor-divider-separator:before,.elementor-widget-divider--view-line_text .elementor-divider-separator:after,.elementor-widget-divider--view-line_text .elementor-divider-separator:before{display:block;content:\"\";border-bottom:0;flex-grow:1;border-top:var(--divider-border-width) var(--divider-border-style) var(--divider-color)}.elementor-widget-divider--element-align-left .elementor-divider .elementor-divider-separator>.elementor-divider__svg:first-of-type{flex-grow:0;flex-shrink:100}.elementor-widget-divider--element-align-left .elementor-divider-separator:before{content:none}.elementor-widget-divider--element-align-left .elementor-divider__element{margin-left:0}.elementor-widget-divider--element-align-right .elementor-divider .elementor-divider-separator>.elementor-divider__svg:last-of-type{flex-grow:0;flex-shrink:100}.elementor-widget-divider--element-align-right .elementor-divider-separator:after{content:none}.elementor-widget-divider--element-align-right .elementor-divider__element{margin-right:0}.elementor-widget-divider:not(.elementor-widget-divider--view-line_text):not(.elementor-widget-divider--view-line_icon) .elementor-divider-separator{border-top:var(--divider-border-width) var(--divider-border-style) var(--divider-color)}.elementor-widget-divider--separator-type-pattern{--divider-border-style:none}.elementor-widget-divider--separator-type-pattern.elementor-widget-divider--view-line .elementor-divider-separator,.elementor-widget-divider--separator-type-pattern:not(.elementor-widget-divider--view-line) .elementor-divider-separator:after,.elementor-widget-divider--separator-type-pattern:not(.elementor-widget-divider--view-line) .elementor-divider-separator:before,.elementor-widget-divider--separator-type-pattern:not([class*=elementor-widget-divider--view]) .elementor-divider-separator{width:100%;min-height:var(--divider-pattern-height);-webkit-mask-size:var(--divider-pattern-size) 100%;mask-size:var(--divider-pattern-size) 100%;-webkit-mask-repeat:var(--divider-pattern-repeat);mask-repeat:var(--divider-pattern-repeat);background-color:var(--divider-color);-webkit-mask-image:var(--divider-pattern-url);mask-image:var(--divider-pattern-url)}.elementor-widget-divider--no-spacing{--divider-pattern-size:auto}.elementor-widget-divider--bg-round{--divider-pattern-repeat:round}.rtl .elementor-widget-divider .elementor-divider__text{direction:rtl}.e-con-inner>.elementor-widget-divider,.e-con>.elementor-widget-divider{width:var(--container-widget-width,100%);--flex-grow:var(--container-widget-flex-grow)}<\/style>\t\t<div class=\"elementor-divider\">\n\t\t\t<span class=\"elementor-divider-separator\">\n\t\t\t\t\t\t<\/span>\n\t\t<\/div>\n\t\t\t\t<\/div>\n\t\t\t\t<\/div>\n\t\t\t\t\t<\/div>\n\t\t<\/div>\n\t\t\t\t\t\t\t<\/div>\n\t\t<\/section>\n\t\t\t\t\t\t\t<\/div>","protected":false},"excerpt":{"rendered":"<p>About Us CROSEa Ahoy and welcome to CroSea &#8211; Rent a boat, Tisno! We are Maja &amp; Milan, loving the&#8230;<\/p>","protected":false},"author":1,"featured_media":0,"parent":0,"menu_order":0,"comment_status":"closed","ping_status":"closed","template":"","meta":{"footnotes":""},"class_list":["post-614","page","type-page","status-publish","hentry"],"post-meta":{"site-container":["full-width-stretched"],"site-header-transparent":["default"],"site-page-header":["default"],"site-sidebar":["default"],"_elementor_edit_mode":["builder"],"_elementor_template_type":["wp-page"],"_elementor_version":["3.12.2"],"_wp_page_template":["default"],"_elementor_data":["[{\"id\":\"66fa9aed\",\"elType\":\"section\",\"settings\":{\"structure\":\"20\",\"padding\":{\"unit\":\"px\",\"top\":\"100\",\"right\":\"0\",\"bottom\":\"100\",\"left\":\"0\",\"isLinked\":false},\"padding_tablet\":{\"unit\":\"px\",\"top\":\"50\",\"right\":\"20\",\"bottom\":\"50\",\"left\":\"20\",\"isLinked\":false},\"hover_parallax\":[{\"layer_position_vr\":{\"unit\":\"%\",\"size\":30},\"layer_position_hr\":{\"unit\":\"%\",\"size\":40},\"_id\":\"13c5a8e\"},{\"layer_position_vr\":{\"unit\":\"%\",\"size\":60},\"layer_position_hr\":{\"unit\":\"%\",\"size\":20},\"_id\":\"9b0d071\"}]},\"elements\":[{\"id\":\"2ecb7aff\",\"elType\":\"column\",\"settings\":{\"_column_size\":50,\"_inline_size\":null},\"elements\":[{\"id\":\"160bfbd9\",\"elType\":\"widget\",\"settings\":{\"align\":\"left\",\"typography_typography\":\"custom\",\"typography_font_family\":\"Raleway\",\"typography_font_size\":{\"unit\":\"px\",\"size\":15,\"sizes\":[]},\"typography_font_weight\":\"600\",\"typography_letter_spacing\":{\"unit\":\"px\",\"size\":0.8000000000000000444089209850062616169452667236328125,\"sizes\":[]},\"editor\":\"<p>About Us<\\\/p>\",\"__globals__\":{\"text_color\":\"globals\\\/colors?id=7176644\"}},\"elements\":[],\"widgetType\":\"text-editor\"},{\"id\":\"6b06b145\",\"elType\":\"widget\",\"settings\":{\"title\":\"CROSEa\",\"align\":\"left\",\"title_color\":\"#222222\",\"typography_typography\":\"custom\",\"typography_font_family\":\"Poppins\",\"typography_font_size\":{\"unit\":\"px\",\"size\":40,\"sizes\":[]},\"typography_font_weight\":\"700\",\"typography_letter_spacing\":{\"unit\":\"px\",\"size\":0.200000000000000011102230246251565404236316680908203125,\"sizes\":[]},\"typography_font_size_tablet\":{\"unit\":\"px\",\"size\":35,\"sizes\":[]},\"typography_line_height\":{\"unit\":\"em\",\"size\":1.100000000000000088817841970012523233890533447265625,\"sizes\":[]},\"header_size\":\"h3\",\"typography_font_size_mobile\":{\"unit\":\"px\",\"size\":30,\"sizes\":[]},\"_margin\":{\"unit\":\"px\",\"top\":\"-15\",\"right\":\"0\",\"bottom\":\"0\",\"left\":\"0\",\"isLinked\":false}},\"elements\":[],\"widgetType\":\"heading\"},{\"id\":\"6346822a\",\"elType\":\"widget\",\"settings\":{\"align\":\"left\",\"typography_typography\":\"custom\",\"typography_font_family\":\"Open Sans\",\"typography_font_size\":{\"unit\":\"px\",\"size\":15,\"sizes\":[]},\"typography_font_weight\":\"400\",\"typography_line_height\":{\"unit\":\"em\",\"size\":1.6999999999999999555910790149937383830547332763671875,\"sizes\":[]},\"typography_letter_spacing\":{\"unit\":\"px\",\"size\":0.200000000000000011102230246251565404236316680908203125,\"sizes\":[]},\"editor\":\"<p>Ahoy and welcome to CroSea - Rent a boat, Tisno!<\\\/p><p>We are Maja &amp; Milan, loving the sea and we run our small family business with many years of experience in tourism and the nautical industry. You may already know the successful diving center <span style=\\\"color: #0000ff;\\\"><a style=\\\"color: #0000ff;\\\" href=\\\"https:\\\/\\\/divetramonto.com\\\/\\\"><span style=\\\"color: #00ccff;\\\">Tramonto Diving<\\\/span><\\\/a><\\\/span>\\u00a0 or the exclusive <span style=\\\"color: #00ccff;\\\"><a style=\\\"color: #00ccff;\\\" href=\\\"https:\\\/\\\/bluepearlcroatia.eu\\\">Beach House Bluepearl<\\\/a><\\\/span> in Jezera. Our numerous guests and friends inspired us to establish another quality offer, so we created CROSEA Rent a boat Tisno.<br \\\/>Be one of the first to set sail with our new motor boats and discover the beauty of national parks such as Kornati, Krka waterfalls, of course our island of Murter and other islands of Dalmatia. In our motorboat fleet, you will definitely find a boat to your liking, all brand new speedboats from 2023.<\\\/p><p>Please also have a look at our<span style=\\\"color: #00ccff;\\\"><a style=\\\"color: #00ccff;\\\" href=\\\"https:\\\/\\\/rentaboat-tisno.com\\\/offers\\\/\\\"> dive and boat offer.<\\\/a><\\\/span><\\\/p>\",\"text_color\":\"#444444\"},\"elements\":[],\"widgetType\":\"text-editor\"},{\"id\":\"21e59b01\",\"elType\":\"widget\",\"settings\":{\"button_text\":\"Contact\",\"button_hover_anim_duration\":0.6999999999999999555910790149937383830547332763671875,\"button_hover_animation_text\":\"Go\",\"button_width\":{\"unit\":\"px\",\"size\":200,\"sizes\":[]},\"button_position\":\"left\",\"select_icon\":{\"value\":\"\",\"library\":\"\"},\"tooltip\":\"\",\"button_bg_color_background\":\"classic\",\"button_box_shadow_box_shadow\":{\"horizontal\":0,\"vertical\":0,\"blur\":20,\"spread\":0,\"color\":\"rgba(156, 158, 186, 0.3215686274509804)\"},\"button_hover_bg_color_background\":\"classic\",\"button_hover_box_shadow_box_shadow_type\":\"yes\",\"button_hover_box_shadow_box_shadow\":{\"horizontal\":0,\"vertical\":0,\"blur\":20,\"spread\":0,\"color\":\"rgba(156, 158, 186, 0.3215686274509804)\"},\"button_border_radius\":{\"unit\":\"px\",\"top\":\"4\",\"right\":\"4\",\"bottom\":\"4\",\"left\":\"4\",\"isLinked\":true},\"button_typography_typography\":\"custom\",\"button_typography_font_family\":\"Poppins\",\"button_typography_font_size\":{\"unit\":\"px\",\"size\":14,\"sizes\":[]},\"button_typography_font_weight\":\"400\",\"button_typography_letter_spacing\":{\"unit\":\"px\",\"size\":0.299999999999999988897769753748434595763683319091796875,\"sizes\":[]},\"button_typography_font_size_tablet\":{\"unit\":\"px\",\"size\":14,\"sizes\":[]},\"button_typography_font_size_mobile\":{\"unit\":\"px\",\"size\":14,\"sizes\":[]},\"_padding_tablet\":{\"unit\":\"px\",\"top\":\"0\",\"right\":\"0\",\"bottom\":\"0\",\"left\":\"0\",\"isLinked\":false},\"__globals__\":{\"button_bg_color_color\":\"globals\\\/colors?id=7176644\",\"button_hover_bg_color_color\":\"globals\\\/colors?id=primary\"},\"button_url\":{\"url\":\"https:\\\/\\\/rentaboat-tisno.com\\\/contact\\\/\",\"is_external\":\"\",\"nofollow\":\"\",\"custom_attributes\":\"\"}},\"elements\":[],\"widgetType\":\"wpr-button\"}],\"isInner\":false},{\"id\":\"2565d068\",\"elType\":\"column\",\"settings\":{\"_column_size\":50,\"_inline_size\":null,\"content_position_tablet\":\"center\"},\"elements\":[{\"id\":\"5d7c4786\",\"elType\":\"widget\",\"settings\":{\"image\":{\"id\":4648,\"url\":\"https:\\\/\\\/rentaboat-tisno.com\\\/wp-content\\\/uploads\\\/2023\\\/07\\\/slika_krug.jpg\",\"alt\":\"About us, Rent a Boat Tisno, Maja and Milan\",\"source\":\"library\",\"size\":\"\"},\"_z_index\":2,\"image_border_radius\":{\"unit\":\"px\",\"top\":\"0\",\"right\":\"0\",\"bottom\":\"0\",\"left\":\"0\",\"isLinked\":true},\"_element_width\":\"initial\",\"_element_custom_width\":{\"unit\":\"%\",\"size\":106}},\"elements\":[],\"widgetType\":\"image\"},{\"id\":\"7d35753a\",\"elType\":\"widget\",\"settings\":{\"text\":\"Divider\",\"color\":\"#FD3101\",\"weight\":{\"unit\":\"px\",\"size\":100,\"sizes\":[]},\"_element_width\":\"initial\",\"_element_custom_width\":{\"unit\":\"px\",\"size\":103},\"_position\":\"absolute\",\"_offset_x\":{\"size\":469,\"unit\":\"px\"},\"_offset_y\":{\"size\":438,\"unit\":\"px\"},\"_offset_x_tablet\":{\"size\":225.979999999999989768184605054557323455810546875,\"unit\":\"px\"},\"_offset_y_tablet\":{\"size\":242.979000000000013415046851150691509246826171875,\"unit\":\"px\"},\"hide_tablet\":\"hidden-tablet\",\"hide_mobile\":\"hidden-mobile\"},\"elements\":[],\"widgetType\":\"divider\"}],\"isInner\":false}],\"isInner\":false}]"],"_elementor_page_assets":["a:0:{}"],"_edit_lock":["1689937144:1"],"_edit_last":["1"],"_elementor_page_settings":["a:3:{s:21:\"background_background\";s:7:\"classic\";s:16:\"background_color\";s:7:\"#FFFFFF\";s:18:\"eael_ext_toc_title\";s:17:\"Table of Contents\";}"],"rs_page_bg_color":[""],"_elementor_css":["a:6:{s:4:\"time\";i:1689937115;s:5:\"fonts\";a:3:{i:0;s:7:\"Raleway\";i:1;s:7:\"Poppins\";i:2;s:9:\"Open Sans\";}s:5:\"icons\";a:1:{i:0;s:0:\"\";}s:20:\"dynamic_elements_ids\";a:0:{}s:6:\"status\";s:4:\"file\";i:0;s:0:\"\";}"]},"_links":{"self":[{"href":"https:\/\/rentaboat-tisno.com\/de\/wp-json\/wp\/v2\/pages\/614","targetHints":{"allow":["GET"]}}],"collection":[{"href":"https:\/\/rentaboat-tisno.com\/de\/wp-json\/wp\/v2\/pages"}],"about":[{"href":"https:\/\/rentaboat-tisno.com\/de\/wp-json\/wp\/v2\/types\/page"}],"author":[{"embeddable":true,"href":"https:\/\/rentaboat-tisno.com\/de\/wp-json\/wp\/v2\/users\/1"}],"replies":[{"embeddable":true,"href":"https:\/\/rentaboat-tisno.com\/de\/wp-json\/wp\/v2\/comments?post=614"}],"version-history":[{"count":37,"href":"https:\/\/rentaboat-tisno.com\/de\/wp-json\/wp\/v2\/pages\/614\/revisions"}],"predecessor-version":[{"id":4654,"href":"https:\/\/rentaboat-tisno.com\/de\/wp-json\/wp\/v2\/pages\/614\/revisions\/4654"}],"wp:attachment":[{"href":"https:\/\/rentaboat-tisno.com\/de\/wp-json\/wp\/v2\/media?parent=614"}],"curies":[{"name":"wp","href":"https:\/\/api.w.org\/{rel}","templated":true}]}}